{"id":78,"date":"2020-01-31T11:20:23","date_gmt":"2020-01-31T10:20:23","guid":{"rendered":"http:\/\/nmbatelierdart.com\/?page_id=78"},"modified":"2020-06-01T11:06:12","modified_gmt":"2020-06-01T09:06:12","slug":"ninon-millet-barbe","status":"publish","type":"page","link":"https:\/\/nmbatelierdart.com\/index.php\/ninon-millet-barbe\/","title":{"rendered":"Pr\u00e9sentation"},"content":{"rendered":"\n<p class=\"has-large-font-size\"><\/p>\n\n\n\n<p>Artiste plasticienne<br>M\u00e9tal sur verre <\/p>\n\n\n\n<div class=\"wp-block-media-text alignwide is-vertically-aligned-top\" style=\"grid-template-columns:37% auto\"><figure class=\"wp-block-media-text__media\"><img loading=\"lazy\" decoding=\"async\" width=\"819\" height=\"1024\" src=\"http:\/\/nmbatelierdart.com\/wp-content\/uploads\/2020\/01\/IMG_6607-819x1024.jpg\" alt=\"Ninon Millet-Barb\u00e9\" class=\"wp-image-29\" srcset=\"https:\/\/nmbatelierdart.com\/wp-content\/uploads\/2020\/01\/IMG_6607-819x1024.jpg 819w, https:\/\/nmbatelierdart.com\/wp-content\/uploads\/2020\/01\/IMG_6607-240x300.jpg 240w, https:\/\/nmbatelierdart.com\/wp-content\/uploads\/2020\/01\/IMG_6607-768x960.jpg 768w, https:\/\/nmbatelierdart.com\/wp-content\/uploads\/2020\/01\/IMG_6607-1228x1536.jpg 1228w, https:\/\/nmbatelierdart.com\/wp-content\/uploads\/2020\/01\/IMG_6607-1638x2048.jpg 1638w, https:\/\/nmbatelierdart.com\/wp-content\/uploads\/2020\/01\/IMG_6607.jpg 1931w\" sizes=\"auto, (max-width: 819px) 100vw, 819px\" \/><\/figure><div class=\"wp-block-media-text__content\">\n<p>Ninon : un \u00ab Diamant \u00bb qui exprime sa passion de vivre dans ses <a href=\"https:\/\/nmbatelierdart.com\/index.php\/galerie\/\">\u0153uvres<\/a>.&nbsp;<\/p>\n\n\n\n<p>Par ses tableaux in\u00e9dits, Ninon nous invite dans une spirale intemporelle de Symboles et de Lumi\u00e8re.&nbsp;<br>Elle  est passionn\u00e9e de vitraux, d\u2019inclusions et d\u2019art optique depuis sa  jeunesse. Son art, se situe \u00e0 la convergence de plusieurs techniques : des gouaches de l\u2019\u00c9cole de Bijouterie, des \u00e9pures de marqueterie, des  montures en bronze et du savoir-faire en fonderie d\u2019art.&nbsp;<\/p>\n\n\n\n<p>Ses  dessins, d\u2019une rare complexit\u00e9 sont r\u00e9alis\u00e9s \u00e0 la main, sans  intervention num\u00e9rique, inscrivant son \u0153uvre dans le concept du Slow Design. <\/p>\n\n\n\n<p>De m\u00eame, la pr\u00e9cision du modelage de plomb, la  brillance des soudures par milliers, la ma\u00eetrise de la coloration  s\u2019additionnent en un ensemble remarquable. Elle a d\u00e9lib\u00e9r\u00e9ment choisi de ne pas r\u00e9tro-\u00e9clairer ses compositions : la lumi\u00e8re jaillit elle-m\u00eame  du motif.&nbsp;<\/p>\n\n\n\n<p>Le travail de Ninon MB d\u00e9passe les fronti\u00e8res des codes et des techniques usuelles dans l\u2019art du verre.&nbsp;<\/p>\n\n\n\n<p>C\u2019est un \u00ab OVNI \u00bb, qui se place dans la lign\u00e9e du Op Art et du Psychedelic Art.&nbsp; <\/p>\n<\/div><\/div>\n","protected":false},"excerpt":{"rendered":"<p>Artiste plasticienneM\u00e9tal sur verre Ninon : un \u00ab Diamant \u00bb qui exprime sa passion de vivre dans ses \u0153uvres.&nbsp; Par ses tableaux in\u00e9dits, Ninon nous invite dans une spirale intemporelle de Symboles et de Lumi\u00e8re.&nbsp;Elle est passionn\u00e9e de vitraux, d\u2019inclusions et d\u2019art optique depuis sa jeunesse. Son art, se situe \u00e0 la convergence de plusieurs [&hellip;]<\/p>\n","protected":false},"author":1,"featured_media":0,"parent":0,"menu_order":0,"comment_status":"closed","ping_status":"closed","template":"","meta":{"gt_page_layout":"","gt_hide_page_title":false,"gt_remove_bottom_margin":false,"footnotes":""},"class_list":["post-78","page","type-page","status-publish","hentry"],"yoast_head":"<!-- This site is optimized with the Yoast SEO plugin v27.4 - https:\/\/yoast.com\/product\/yoast-seo-wordpress\/ -->\n<title>Pr\u00e9sentation - Nmb Atelier d&#039;Art<\/title>\n<meta name=\"description\" content=\"Ninon Millet-barb\u00e9 exprime sa passion de vivre dans ses \u0153uvres. Elle nous invite dans une spirale intemporelle de Symboles et de Lumi\u00e8re.\" \/>\n<meta name=\"robots\" content=\"index, follow, max-snippet:-1, max-image-preview:large, max-video-preview:-1\" \/>\n<link rel=\"canonical\" href=\"https:\/\/nmbatelierdart.com\/index.php\/ninon-millet-barbe\/\" \/>\n<meta property=\"og:locale\" content=\"fr_FR\" \/>\n<meta property=\"og:type\" content=\"article\" \/>\n<meta property=\"og:title\" content=\"Pr\u00e9sentation - Nmb Atelier d&#039;Art\" \/>\n<meta property=\"og:description\" content=\"Ninon Millet-barb\u00e9 exprime sa passion de vivre dans ses \u0153uvres. Elle nous invite dans une spirale intemporelle de Symboles et de Lumi\u00e8re.\" \/>\n<meta property=\"og:url\" content=\"https:\/\/nmbatelierdart.com\/index.php\/ninon-millet-barbe\/\" \/>\n<meta property=\"og:site_name\" content=\"Nmb Atelier d&#039;Art\" \/>\n<meta property=\"article:modified_time\" content=\"2020-06-01T09:06:12+00:00\" \/>\n<meta property=\"og:image\" content=\"http:\/\/nmbatelierdart.com\/wp-content\/uploads\/2020\/01\/IMG_6607-819x1024.jpg\" \/>\n<meta name=\"twitter:card\" content=\"summary_large_image\" \/>\n<meta name=\"twitter:label1\" content=\"Dur\u00e9e de lecture estim\u00e9e\" \/>\n\t<meta name=\"twitter:data1\" content=\"1 minute\" \/>\n<script type=\"application\/ld+json\" class=\"yoast-schema-graph\">{\"@context\":\"https:\\\/\\\/schema.org\",\"@graph\":[{\"@type\":\"WebPage\",\"@id\":\"https:\\\/\\\/nmbatelierdart.com\\\/index.php\\\/ninon-millet-barbe\\\/\",\"url\":\"https:\\\/\\\/nmbatelierdart.com\\\/index.php\\\/ninon-millet-barbe\\\/\",\"name\":\"Pr\u00e9sentation - Nmb Atelier d&#039;Art\",\"isPartOf\":{\"@id\":\"https:\\\/\\\/nmbatelierdart.com\\\/#website\"},\"primaryImageOfPage\":{\"@id\":\"https:\\\/\\\/nmbatelierdart.com\\\/index.php\\\/ninon-millet-barbe\\\/#primaryimage\"},\"image\":{\"@id\":\"https:\\\/\\\/nmbatelierdart.com\\\/index.php\\\/ninon-millet-barbe\\\/#primaryimage\"},\"thumbnailUrl\":\"http:\\\/\\\/nmbatelierdart.com\\\/wp-content\\\/uploads\\\/2020\\\/01\\\/IMG_6607-819x1024.jpg\",\"datePublished\":\"2020-01-31T10:20:23+00:00\",\"dateModified\":\"2020-06-01T09:06:12+00:00\",\"description\":\"Ninon Millet-barb\u00e9 exprime sa passion de vivre dans ses \u0153uvres. Elle nous invite dans une spirale intemporelle de Symboles et de Lumi\u00e8re.\",\"breadcrumb\":{\"@id\":\"https:\\\/\\\/nmbatelierdart.com\\\/index.php\\\/ninon-millet-barbe\\\/#breadcrumb\"},\"inLanguage\":\"fr-FR\",\"potentialAction\":[{\"@type\":\"ReadAction\",\"target\":[\"https:\\\/\\\/nmbatelierdart.com\\\/index.php\\\/ninon-millet-barbe\\\/\"]}]},{\"@type\":\"ImageObject\",\"inLanguage\":\"fr-FR\",\"@id\":\"https:\\\/\\\/nmbatelierdart.com\\\/index.php\\\/ninon-millet-barbe\\\/#primaryimage\",\"url\":\"http:\\\/\\\/nmbatelierdart.com\\\/wp-content\\\/uploads\\\/2020\\\/01\\\/IMG_6607-819x1024.jpg\",\"contentUrl\":\"http:\\\/\\\/nmbatelierdart.com\\\/wp-content\\\/uploads\\\/2020\\\/01\\\/IMG_6607-819x1024.jpg\"},{\"@type\":\"BreadcrumbList\",\"@id\":\"https:\\\/\\\/nmbatelierdart.com\\\/index.php\\\/ninon-millet-barbe\\\/#breadcrumb\",\"itemListElement\":[{\"@type\":\"ListItem\",\"position\":1,\"name\":\"Accueil\",\"item\":\"https:\\\/\\\/nmbatelierdart.com\\\/\"},{\"@type\":\"ListItem\",\"position\":2,\"name\":\"Pr\u00e9sentation\"}]},{\"@type\":\"WebSite\",\"@id\":\"https:\\\/\\\/nmbatelierdart.com\\\/#website\",\"url\":\"https:\\\/\\\/nmbatelierdart.com\\\/\",\"name\":\"Nmb Atelier d&#039;Art\",\"description\":\"\",\"publisher\":{\"@id\":\"https:\\\/\\\/nmbatelierdart.com\\\/#\\\/schema\\\/person\\\/c47b9640551e3c1741803bd366f46dbe\"},\"potentialAction\":[{\"@type\":\"SearchAction\",\"target\":{\"@type\":\"EntryPoint\",\"urlTemplate\":\"https:\\\/\\\/nmbatelierdart.com\\\/?s={search_term_string}\"},\"query-input\":{\"@type\":\"PropertyValueSpecification\",\"valueRequired\":true,\"valueName\":\"search_term_string\"}}],\"inLanguage\":\"fr-FR\"},{\"@type\":[\"Person\",\"Organization\"],\"@id\":\"https:\\\/\\\/nmbatelierdart.com\\\/#\\\/schema\\\/person\\\/c47b9640551e3c1741803bd366f46dbe\",\"name\":\"ninon\",\"logo\":{\"@id\":\"https:\\\/\\\/nmbatelierdart.com\\\/#\\\/schema\\\/person\\\/image\\\/\"}}]}<\/script>\n<!-- \/ Yoast SEO plugin. -->","yoast_head_json":{"title":"Pr\u00e9sentation - Nmb Atelier d&#039;Art","description":"Ninon Millet-barb\u00e9 exprime sa passion de vivre dans ses \u0153uvres. Elle nous invite dans une spirale intemporelle de Symboles et de Lumi\u00e8re.","robots":{"index":"index","follow":"follow","max-snippet":"max-snippet:-1","max-image-preview":"max-image-preview:large","max-video-preview":"max-video-preview:-1"},"canonical":"https:\/\/nmbatelierdart.com\/index.php\/ninon-millet-barbe\/","og_locale":"fr_FR","og_type":"article","og_title":"Pr\u00e9sentation - Nmb Atelier d&#039;Art","og_description":"Ninon Millet-barb\u00e9 exprime sa passion de vivre dans ses \u0153uvres. Elle nous invite dans une spirale intemporelle de Symboles et de Lumi\u00e8re.","og_url":"https:\/\/nmbatelierdart.com\/index.php\/ninon-millet-barbe\/","og_site_name":"Nmb Atelier d&#039;Art","article_modified_time":"2020-06-01T09:06:12+00:00","og_image":[{"url":"http:\/\/nmbatelierdart.com\/wp-content\/uploads\/2020\/01\/IMG_6607-819x1024.jpg","type":"","width":"","height":""}],"twitter_card":"summary_large_image","twitter_misc":{"Dur\u00e9e de lecture estim\u00e9e":"1 minute"},"schema":{"@context":"https:\/\/schema.org","@graph":[{"@type":"WebPage","@id":"https:\/\/nmbatelierdart.com\/index.php\/ninon-millet-barbe\/","url":"https:\/\/nmbatelierdart.com\/index.php\/ninon-millet-barbe\/","name":"Pr\u00e9sentation - Nmb Atelier d&#039;Art","isPartOf":{"@id":"https:\/\/nmbatelierdart.com\/#website"},"primaryImageOfPage":{"@id":"https:\/\/nmbatelierdart.com\/index.php\/ninon-millet-barbe\/#primaryimage"},"image":{"@id":"https:\/\/nmbatelierdart.com\/index.php\/ninon-millet-barbe\/#primaryimage"},"thumbnailUrl":"http:\/\/nmbatelierdart.com\/wp-content\/uploads\/2020\/01\/IMG_6607-819x1024.jpg","datePublished":"2020-01-31T10:20:23+00:00","dateModified":"2020-06-01T09:06:12+00:00","description":"Ninon Millet-barb\u00e9 exprime sa passion de vivre dans ses \u0153uvres. Elle nous invite dans une spirale intemporelle de Symboles et de Lumi\u00e8re.","breadcrumb":{"@id":"https:\/\/nmbatelierdart.com\/index.php\/ninon-millet-barbe\/#breadcrumb"},"inLanguage":"fr-FR","potentialAction":[{"@type":"ReadAction","target":["https:\/\/nmbatelierdart.com\/index.php\/ninon-millet-barbe\/"]}]},{"@type":"ImageObject","inLanguage":"fr-FR","@id":"https:\/\/nmbatelierdart.com\/index.php\/ninon-millet-barbe\/#primaryimage","url":"http:\/\/nmbatelierdart.com\/wp-content\/uploads\/2020\/01\/IMG_6607-819x1024.jpg","contentUrl":"http:\/\/nmbatelierdart.com\/wp-content\/uploads\/2020\/01\/IMG_6607-819x1024.jpg"},{"@type":"BreadcrumbList","@id":"https:\/\/nmbatelierdart.com\/index.php\/ninon-millet-barbe\/#breadcrumb","itemListElement":[{"@type":"ListItem","position":1,"name":"Accueil","item":"https:\/\/nmbatelierdart.com\/"},{"@type":"ListItem","position":2,"name":"Pr\u00e9sentation"}]},{"@type":"WebSite","@id":"https:\/\/nmbatelierdart.com\/#website","url":"https:\/\/nmbatelierdart.com\/","name":"Nmb Atelier d&#039;Art","description":"","publisher":{"@id":"https:\/\/nmbatelierdart.com\/#\/schema\/person\/c47b9640551e3c1741803bd366f46dbe"},"potentialAction":[{"@type":"SearchAction","target":{"@type":"EntryPoint","urlTemplate":"https:\/\/nmbatelierdart.com\/?s={search_term_string}"},"query-input":{"@type":"PropertyValueSpecification","valueRequired":true,"valueName":"search_term_string"}}],"inLanguage":"fr-FR"},{"@type":["Person","Organization"],"@id":"https:\/\/nmbatelierdart.com\/#\/schema\/person\/c47b9640551e3c1741803bd366f46dbe","name":"ninon","logo":{"@id":"https:\/\/nmbatelierdart.com\/#\/schema\/person\/image\/"}}]}},"_links":{"self":[{"href":"https:\/\/nmbatelierdart.com\/index.php\/wp-json\/wp\/v2\/pages\/78","targetHints":{"allow":["GET"]}}],"collection":[{"href":"https:\/\/nmbatelierdart.com\/index.php\/wp-json\/wp\/v2\/pages"}],"about":[{"href":"https:\/\/nmbatelierdart.com\/index.php\/wp-json\/wp\/v2\/types\/page"}],"author":[{"embeddable":true,"href":"https:\/\/nmbatelierdart.com\/index.php\/wp-json\/wp\/v2\/users\/1"}],"replies":[{"embeddable":true,"href":"https:\/\/nmbatelierdart.com\/index.php\/wp-json\/wp\/v2\/comments?post=78"}],"version-history":[{"count":24,"href":"https:\/\/nmbatelierdart.com\/index.php\/wp-json\/wp\/v2\/pages\/78\/revisions"}],"predecessor-version":[{"id":377,"href":"https:\/\/nmbatelierdart.com\/index.php\/wp-json\/wp\/v2\/pages\/78\/revisions\/377"}],"wp:attachment":[{"href":"https:\/\/nmbatelierdart.com\/index.php\/wp-json\/wp\/v2\/media?parent=78"}],"curies":[{"name":"wp","href":"https:\/\/api.w.org\/{rel}","templated":true}]}}