{"id":275,"date":"2020-02-08T19:05:23","date_gmt":"2020-02-08T18:05:23","guid":{"rendered":"https:\/\/nmbatelierdart.com\/?page_id=275"},"modified":"2020-02-10T19:48:19","modified_gmt":"2020-02-10T18:48:19","slug":"mentions-legales","status":"publish","type":"page","link":"https:\/\/nmbatelierdart.com\/index.php\/mentions-legales\/","title":{"rendered":"Mentions-legales"},"content":{"rendered":"\n<p>Propri\u00e9taire et gestionnaire du site : Madame Ninon Millet-Barb\u00e9 \u2013 <em><a rel=\"noreferrer noopener\" aria-label=\" (s\u2019ouvre dans un nouvel onglet)\" href=\"https:\/\/nmbatelierdart.com\/index.php\/contact\/\" target=\"_blank\">Contactez-la sur cette page<\/a>.<\/em><\/p>\n\n\n\n<p>nmbatelierdart est un site cr\u00e9e par Charlotte Morice \u00e0 titre personnel via wordpress, vous pouvez la contacter ici : <a href=\"https:\/\/nmbatelierdart.com\/index.php\/contact-createur-site\/\">Formulaire de contact<\/a><\/p>\n\n\n\n<p>Le site Internet est h\u00e9berg\u00e9 par la soci\u00e9t\u00e9 <a rel=\"noreferrer noopener\" aria-label=\" (s\u2019ouvre dans un nouvel onglet)\" href=\"http:\/\/www.ovh.com\/\" target=\"_blank\">OVH<\/a>, SAS au capital de 10 069 020 \u20ac, RCS Lille M\u00e9tropole 424 761 419 00045, Code APE 2620Z, N\u00b0 TVA : FR 22 424 761 419, Si\u00e8ge social : 2 rue Kellermann &#8211; 59100 Roubaix &#8211; France, t\u00e9l\u00e9phone 1007.<\/p>\n\n\n\n<p>Le site Internet <a rel=\"noreferrer noopener\" aria-label=\"https:\/\/www.nmbatelierdart.com\/ (s\u2019ouvre dans un nouvel onglet)\" href=\"https:\/\/www.nmbatelierdart.com\/\" target=\"_blank\">https:\/\/www.nmbatelierdart.com\/<\/a> (le Site) est la propri\u00e9t\u00e9 exclusive de  Madame Ninon Millet-Barb\u00e9 et est un site personnel.<\/p>\n\n\n\n<p>Pour toute demande l\u00e9gale, merci de contacter OVH sur <a href=\"https:\/\/help.ovhcloud.com\/fr\/contact\/\">ce lien<\/a> ou par t\u00e9l\u00e9phone : 1007<\/p>\n\n\n\n<p>La consultation du Site est subordonn\u00e9e \u00e0 l\u2019acceptation int\u00e9grale et \nau respect par les internautes, des conditions d\u2019utilisation suivantes.<\/p>\n\n\n\n<p>L\u2019internaute s\u2019engage \u00e0 faire un usage personnel et non commercial \ndes informations contenues sur le Site. En cas de non-respect des \ndispositions des pr\u00e9sentes mentions l\u00e9gales, par l\u2019internaute, sa \nresponsabilit\u00e9 civile et\/ou p\u00e9nale pourrai(en)t se voir engag\u00e9e(s).<\/p>\n\n\n\n<h2 class=\"wp-block-heading\">1. CONTENU DU SITE<\/h2>\n\n\n\n<p>Le site est exploit\u00e9 par  Madame Ninon Millet-Barb\u00e9.<\/p>\n\n\n\n<p>Il s&rsquo;agit d&rsquo;une vitrine de cr\u00e9ation artistique.<\/p>\n\n\n\n<h2 class=\"wp-block-heading\">2. PROPRIETE INTELLECTUELLE<\/h2>\n\n\n\n<p>De mani\u00e8re g\u00e9n\u00e9rale, les donn\u00e9es, les programmes, les \u00e9chantillons  musicaux, les textes, les informations, les logos, les identit\u00e9s  visuelles, les images anim\u00e9es ou non et leurs mises en forme, les  vid\u00e9os, apparaissant sur le Site sont la propri\u00e9t\u00e9 Madame Ninon Millet-Barb\u00e9 et sont prot\u00e9g\u00e9es \u00e0 ce titre par les dispositions du Code de la  propri\u00e9t\u00e9 intellectuelle.<\/p>\n\n\n\n<p>Tout internaute s\u2019engage \u00e0 ne pas les utiliser sauf dans le strict cadre offert par le Site.<\/p>\n\n\n\n<h2 class=\"wp-block-heading\">3. PROTECTION DES DONNEES PERSONNELLES<\/h2>\n\n\n\n<p>L\u2019internaute peut \u00eatre amen\u00e9 \u00e0 fournir certaines donn\u00e9es personnelles  en r\u00e9pondant aux formulaires qui lui sont propos\u00e9s sur le Site. La  saisie de ces donn\u00e9es est n\u00e9cessaire au traitement de la demande de  l\u2019internaute, par  Madame Ninon Millet-Barb\u00e9.<\/p>\n\n\n\n<p>Madame Ninon Millet-Barb\u00e9 s\u2019engage \u00e0 respecter les dispositions de la  loi n\u00b078-17 du 6 janvier 1978 relative \u00e0 l\u2019informatique, aux fichiers et  aux libert\u00e9s modifi\u00e9es et au R\u00e8glement (UE) 2016\/679 du Parlement  europ\u00e9en et du Conseil du 27 avril 2016 dit \u00ab&nbsp;<em>RGPD&nbsp;<\/em>\u00bb et prendre toute pr\u00e9caution n\u00e9cessaire pour pr\u00e9server la s\u00e9curit\u00e9 des informations nominatives confi\u00e9es.<\/p>\n\n\n\n<h3 class=\"wp-block-heading\">Responsable de traitement<\/h3>\n\n\n\n<p>Madame Ninon Millet-Barb\u00e9 traite les donn\u00e9es personnelles des internautes en qualit\u00e9 de responsable de traitement.<\/p>\n\n\n\n<h3 class=\"wp-block-heading\">Donn\u00e9es personnelles trait\u00e9es et finalit\u00e9s de traitement<\/h3>\n\n\n\n<p>Madame Ninon Millet-Barb\u00e9 recueille sur le Site des donn\u00e9es  personnelles d\u2019internautes ayant pris contact avec elle via le  formulaire de contact en ligne. Ces  donn\u00e9es sont n\u00e9cessaires afin de r\u00e9pondre \u00e0 la sollicitation des  internautes. Dans le cadre de la fourniture de ses services,  Madame Ninon Millet-Barb\u00e9 traite uniquement les donn\u00e9es personnelles suivantes strictement n\u00e9cessaires \u00e0 leur demande de prise de contact&nbsp;: nom, pr\u00e9nom, num\u00e9ro de t\u00e9l\u00e9phone et adresse email.<\/p>\n\n\n\n<p>La finalit\u00e9 de traitement de ces donn\u00e9es personnelles est de permettre \u00e0 Madame Ninon Millet-Barb\u00e9 de r\u00e9pondre aux sollicitations des internautes.<\/p>\n\n\n\n<h3 class=\"wp-block-heading\">Destinataires des donn\u00e9es personnelles<\/h3>\n\n\n\n<p>Les donn\u00e9es personnelles collect\u00e9es sur le Site sont trait\u00e9es  uniquement par Madame Ninon Millet-Barb\u00e9.<\/p>\n\n\n\n<p>Les donn\u00e9es personnelles sont stock\u00e9es en grande majorit\u00e9 sur des serveurs d\u2019h\u00e9bergement de Google. Les internautes sont inform\u00e9s  que leurs donn\u00e9es personnelles feront l\u2019objet d\u2019une protection identique  \u00e0 celle exig\u00e9e en Europe dans la mesure o\u00f9 la soci\u00e9t\u00e9 Google a l\u2019obligation de se conformer au RGPD concernant les donn\u00e9es personnelles de citoyens europ\u00e9ens.<\/p>\n\n\n\n<h3 class=\"wp-block-heading\">Dur\u00e9e de conservation des donn\u00e9es personnelles<\/h3>\n\n\n\n<p>Madame Ninon Millet-Barb\u00e9 s\u2019engage \u00e0 conserver ces donn\u00e9es personnelles, sauf obligation l\u00e9gale ou r\u00e9glementaire contraire, pour une dur\u00e9e maximale de trois ans \u00e0 compter du dernier contact avec l\u2019internaute, qu\u2019il soit \u00e0 l\u2019initiative de la Madame Ninon Millet-Barb\u00e9 ou de l\u2019internaute.<\/p>\n\n\n\n<p>A l\u2019issue de cette dur\u00e9e ou en cas d\u2019exercice de ses droits par les internautes, Madame Ninon Millet-Barb\u00e9 s\u2019engage \u00e0 d\u00e9truire toute copie  des donn\u00e9es personnelles des internautes qu\u2019il d\u00e9tiendrait.<\/p>\n\n\n\n<h3 class=\"wp-block-heading\">S\u00e9curit\u00e9 des donn\u00e9es personnelles<\/h3>\n\n\n\n<p>Madame Ninon Millet-Barb\u00e9 s\u2019engage, au titre de son obligation de moyens, \u00e0 prendre toutes les pr\u00e9cautions utiles et met en \u0153uvre des mesures techniques et organisationnelles appropri\u00e9es en la mati\u00e8re pour garantir un niveau de s\u00e9curit\u00e9 adapt\u00e9 et pour prot\u00e9ger les donn\u00e9es personnelles des internautes contre les alt\u00e9rations, destructions et acc\u00e8s non autoris\u00e9s.<\/p>\n\n\n\n<h3 class=\"wp-block-heading\">Droits des internautes sur leurs donn\u00e9es personnelles<\/h3>\n\n\n\n<p>Les internautes ont la possibilit\u00e9 d\u2019exercer leurs droits d\u2019acc\u00e8s, de rectification, d\u2019effacement, d\u2019opposition, de limitation du traitement, de portabilit\u00e9 de leurs donn\u00e9es personnelles, droit de ne pas faire l\u2019objet d\u2019une d\u00e9cision individuelle automatis\u00e9e et droit de r\u00e9vocation de leur consentement, concernant les donn\u00e9es personnelles qu\u2019ils  fournissent.<\/p>\n\n\n\n<p>Pour exercer l\u2019un de ces droits, il convient d\u2019adresser sa demande a Madame Ninon Millet-Barb\u00e9 par formulaire de contact \u2013 <em><a rel=\"noreferrer noopener\" href=\"https:\/\/nmbatelierdart.com\/index.php\/contact\/\" target=\"_blank\">Contactez-la sur cette page<\/a>.<\/em> <\/p>\n\n\n\n<p>Madame Ninon Millet-Barb\u00e9<em>.<\/em> s\u2019engage \u00e0 y r\u00e9pondre dans les meilleurs d\u00e9lais.<\/p>\n\n\n\n<p>Si les internautes consid\u00e8rent que le traitement de leurs donn\u00e9es personnelles constitue une violation de la l\u00e9gislation en vigueur, les internautes ont la possibilit\u00e9 d\u2019introduire une r\u00e9clamation aupr\u00e8s de la CNIL.<\/p>\n\n\n\n<h3 class=\"wp-block-heading\">Confidentialit\u00e9 des donn\u00e9es personnelles<\/h3>\n\n\n\n<p>Madame Ninon Millet-Barb\u00e9 garantit la confidentialit\u00e9 des donn\u00e9es personnelles trait\u00e9es et veille \u00e0 ce que les personnes autoris\u00e9es \u00e0 traiter lesdites donn\u00e9es personnelles s\u2019engagent \u00e9galement \u00e0 respecter cette obligation de confidentialit\u00e9.<\/p>\n\n\n\n<h2 class=\"wp-block-heading\">4. COOKIES<\/h2>\n\n\n\n<p>La navigation sur le Site est susceptible d\u2019entrainer l\u2019installation de cookies sur l\u2019ordinateur de l\u2019utilisateur.<\/p>\n\n\n\n<p>Les donn\u00e9es obtenues par le biais de ces cookies visent \u00e0 faciliter \nla navigation ult\u00e9rieure sur le Site et ont vocation \u00e0 permettre \ndiverses mesures de fr\u00e9quentation sur le Site.<\/p>\n\n\n\n<p>L\u2019utilisateur du Site a la possibilit\u00e9 de d\u00e9sactiver les cookies en \nse rendant dans les options de son navigateur comme indiqu\u00e9 ci-dessous&nbsp;:<\/p>\n\n\n\n<ul class=\"wp-block-list\"><li><a href=\"https:\/\/support.google.com\/chrome\/answer\/95647?hl=fr\">Google Chrome<\/a><\/li><li><a href=\"https:\/\/support.mozilla.org\/fr\/kb\/activer-desactiver-cookies-preferences?redirectlocale=fr&amp;redirectslug=activer-desactiver-cookies\">Modzilla Firefox<\/a><\/li><li><a href=\"https:\/\/support.apple.com\/kb\/PH17191?viewlocale=fr_FR&amp;locale=en_US\">Safari<\/a><\/li><li><a href=\"http:\/\/help.opera.com\/Windows\/10.20\/fr\/cookies.html\">Opera<\/a><\/li><li><a href=\"https:\/\/support.microsoft.com\/fr-fr\/help\/17442\/windows-internet-explorer-delete-manage-cookies#ie=ie-11\">Internet Explorer<\/a><\/li><li><a href=\"https:\/\/privacy.microsoft.com\/fr-fr\/windows-10-microsoft-edge-and-privacy\">Edge<\/a><\/li><\/ul>\n\n\n\n<h2 class=\"wp-block-heading\">5. GOOGLE ANALYTICS<\/h2>\n\n\n\n<p>Madame Ninon Millet-Barb\u00e9 utilise Google Analytics pour suivre les internautes sur ce Site.<\/p>\n\n\n\n<p>Des cookies sont utilis\u00e9s par Google Analytics pour collecter ces donn\u00e9es.<\/p>\n\n\n\n<p>Afin de se conformer \u00e0 la nouvelle r\u00e9glementation, Google et ont inclus une modification au traitement des donn\u00e9es que les internautes peuvent consulter&nbsp;sur les pages suivantes&nbsp;:<\/p>\n\n\n\n<ul class=\"wp-block-list\"><li><a href=\"https:\/\/www.google.com\/analytics\/terms\/dpa\/dataprocessingamendment_20130906.html\">Google Analytics<\/a><\/li><\/ul>\n\n\n\n<p>Madame Ninon Millet-Barb\u00e9 s\u2019engage \u00e0 traiter anonymement les donn\u00e9es collect\u00e9es et \u00e0 d\u00e9sactiver le \u00ab&nbsp;<em>partage de donn\u00e9es<\/em>\u00ab&nbsp;.<\/p>\n\n\n\n<h2 class=\"wp-block-heading\">6. RESPONSABILITE<\/h2>\n\n\n\n<p>Madame Ninon Millet-Barb\u00e9 d\u00e9cline toute responsabilit\u00e9 quant aux \u00e9ventuels dysfonctionnements pouvant survenir sur le Site et entra\u00eener une perte de donn\u00e9es ou une indisponibilit\u00e9 de l\u2019acc\u00e8s aux informations  produites sur celui-ci. Madame Ninon Millet-Barb\u00e9 ne peut garantir l\u2019exhaustivit\u00e9 et la v\u00e9racit\u00e9 des informations pr\u00e9sentes sur le Site ainsi que l\u2019absence de modification par un tiers (intrusion, virus).  L\u2019internaute est seul responsable de l\u2019utilisation qu\u2019il fait du contenu du Site.<\/p>\n\n\n\n<p>Les \u00e9l\u00e9ments pr\u00e9sent\u00e9s sur le Site sont susceptibles de modification sans pr\u00e9avis et sont mis \u00e0 la disposition des internautes, sans aucune  garantie d\u2019aucune sorte, expresse ou tacite.<\/p>\n\n\n\n<p>La pr\u00e9sence de liens hypertextes pr\u00e9sents sur le Site ne cr\u00e9e pas une solidarit\u00e9 de responsabilit\u00e9 entre Madame Ninon Millet-Barb\u00e9 et les propri\u00e9taires des autres sites, quant au contenu des sites sur lesquels est redirig\u00e9 l\u2019internaute. Seule la responsabilit\u00e9 desdits sites peut \u00eatre engag\u00e9e.<\/p>\n","protected":false},"excerpt":{"rendered":"<p>Propri\u00e9taire et gestionnaire du site : Madame Ninon Millet-Barb\u00e9 \u2013 Contactez-la sur cette page. nmbatelierdart est un site cr\u00e9e par Charlotte Morice \u00e0 titre personnel via wordpress, vous pouvez la contacter ici : Formulaire de contact Le site Internet est h\u00e9berg\u00e9 par la soci\u00e9t\u00e9 OVH, SAS au capital de 10 069 020 \u20ac, RCS Lille [&hellip;]<\/p>\n","protected":false},"author":1,"featured_media":0,"parent":0,"menu_order":0,"comment_status":"closed","ping_status":"closed","template":"","meta":{"gt_page_layout":"","gt_hide_page_title":false,"gt_remove_bottom_margin":false,"footnotes":""},"class_list":["post-275","page","type-page","status-publish","hentry"],"yoast_head":"<!-- This site is optimized with the Yoast SEO plugin v27.5 - https:\/\/yoast.com\/product\/yoast-seo-wordpress\/ -->\n<title>Mentions-legales - Nmb Atelier d&#039;Art<\/title>\n<meta name=\"description\" content=\"Mention-l\u00e9gales de Nmb atelier d&#039;art.\" \/>\n<meta name=\"robots\" content=\"index, follow, max-snippet:-1, max-image-preview:large, max-video-preview:-1\" \/>\n<link rel=\"canonical\" href=\"https:\/\/nmbatelierdart.com\/index.php\/mentions-legales\/\" \/>\n<meta property=\"og:locale\" content=\"fr_FR\" \/>\n<meta property=\"og:type\" content=\"article\" \/>\n<meta property=\"og:title\" content=\"Mentions-legales - Nmb Atelier d&#039;Art\" \/>\n<meta property=\"og:description\" content=\"Mention-l\u00e9gales de Nmb atelier d&#039;art.\" \/>\n<meta property=\"og:url\" content=\"https:\/\/nmbatelierdart.com\/index.php\/mentions-legales\/\" \/>\n<meta property=\"og:site_name\" content=\"Nmb Atelier d&#039;Art\" \/>\n<meta property=\"article:modified_time\" content=\"2020-02-10T18:48:19+00:00\" \/>\n<meta name=\"twitter:card\" content=\"summary_large_image\" \/>\n<meta name=\"twitter:label1\" content=\"Dur\u00e9e de lecture estim\u00e9e\" \/>\n\t<meta name=\"twitter:data1\" content=\"6 minutes\" \/>\n<script type=\"application\/ld+json\" class=\"yoast-schema-graph\">{\"@context\":\"https:\\\/\\\/schema.org\",\"@graph\":[{\"@type\":\"WebPage\",\"@id\":\"https:\\\/\\\/nmbatelierdart.com\\\/index.php\\\/mentions-legales\\\/\",\"url\":\"https:\\\/\\\/nmbatelierdart.com\\\/index.php\\\/mentions-legales\\\/\",\"name\":\"Mentions-legales - Nmb Atelier d&#039;Art\",\"isPartOf\":{\"@id\":\"https:\\\/\\\/nmbatelierdart.com\\\/#website\"},\"datePublished\":\"2020-02-08T18:05:23+00:00\",\"dateModified\":\"2020-02-10T18:48:19+00:00\",\"description\":\"Mention-l\u00e9gales de Nmb atelier d'art.\",\"breadcrumb\":{\"@id\":\"https:\\\/\\\/nmbatelierdart.com\\\/index.php\\\/mentions-legales\\\/#breadcrumb\"},\"inLanguage\":\"fr-FR\",\"potentialAction\":[{\"@type\":\"ReadAction\",\"target\":[\"https:\\\/\\\/nmbatelierdart.com\\\/index.php\\\/mentions-legales\\\/\"]}]},{\"@type\":\"BreadcrumbList\",\"@id\":\"https:\\\/\\\/nmbatelierdart.com\\\/index.php\\\/mentions-legales\\\/#breadcrumb\",\"itemListElement\":[{\"@type\":\"ListItem\",\"position\":1,\"name\":\"Accueil\",\"item\":\"https:\\\/\\\/nmbatelierdart.com\\\/\"},{\"@type\":\"ListItem\",\"position\":2,\"name\":\"Mentions-legales\"}]},{\"@type\":\"WebSite\",\"@id\":\"https:\\\/\\\/nmbatelierdart.com\\\/#website\",\"url\":\"https:\\\/\\\/nmbatelierdart.com\\\/\",\"name\":\"Nmb Atelier d&#039;Art\",\"description\":\"\",\"publisher\":{\"@id\":\"https:\\\/\\\/nmbatelierdart.com\\\/#\\\/schema\\\/person\\\/c47b9640551e3c1741803bd366f46dbe\"},\"potentialAction\":[{\"@type\":\"SearchAction\",\"target\":{\"@type\":\"EntryPoint\",\"urlTemplate\":\"https:\\\/\\\/nmbatelierdart.com\\\/?s={search_term_string}\"},\"query-input\":{\"@type\":\"PropertyValueSpecification\",\"valueRequired\":true,\"valueName\":\"search_term_string\"}}],\"inLanguage\":\"fr-FR\"},{\"@type\":[\"Person\",\"Organization\"],\"@id\":\"https:\\\/\\\/nmbatelierdart.com\\\/#\\\/schema\\\/person\\\/c47b9640551e3c1741803bd366f46dbe\",\"name\":\"ninon\",\"logo\":{\"@id\":\"https:\\\/\\\/nmbatelierdart.com\\\/#\\\/schema\\\/person\\\/image\\\/\"}}]}<\/script>\n<!-- \/ Yoast SEO plugin. -->","yoast_head_json":{"title":"Mentions-legales - Nmb Atelier d&#039;Art","description":"Mention-l\u00e9gales de Nmb atelier d'art.","robots":{"index":"index","follow":"follow","max-snippet":"max-snippet:-1","max-image-preview":"max-image-preview:large","max-video-preview":"max-video-preview:-1"},"canonical":"https:\/\/nmbatelierdart.com\/index.php\/mentions-legales\/","og_locale":"fr_FR","og_type":"article","og_title":"Mentions-legales - Nmb Atelier d&#039;Art","og_description":"Mention-l\u00e9gales de Nmb atelier d'art.","og_url":"https:\/\/nmbatelierdart.com\/index.php\/mentions-legales\/","og_site_name":"Nmb Atelier d&#039;Art","article_modified_time":"2020-02-10T18:48:19+00:00","twitter_card":"summary_large_image","twitter_misc":{"Dur\u00e9e de lecture estim\u00e9e":"6 minutes"},"schema":{"@context":"https:\/\/schema.org","@graph":[{"@type":"WebPage","@id":"https:\/\/nmbatelierdart.com\/index.php\/mentions-legales\/","url":"https:\/\/nmbatelierdart.com\/index.php\/mentions-legales\/","name":"Mentions-legales - Nmb Atelier d&#039;Art","isPartOf":{"@id":"https:\/\/nmbatelierdart.com\/#website"},"datePublished":"2020-02-08T18:05:23+00:00","dateModified":"2020-02-10T18:48:19+00:00","description":"Mention-l\u00e9gales de Nmb atelier d'art.","breadcrumb":{"@id":"https:\/\/nmbatelierdart.com\/index.php\/mentions-legales\/#breadcrumb"},"inLanguage":"fr-FR","potentialAction":[{"@type":"ReadAction","target":["https:\/\/nmbatelierdart.com\/index.php\/mentions-legales\/"]}]},{"@type":"BreadcrumbList","@id":"https:\/\/nmbatelierdart.com\/index.php\/mentions-legales\/#breadcrumb","itemListElement":[{"@type":"ListItem","position":1,"name":"Accueil","item":"https:\/\/nmbatelierdart.com\/"},{"@type":"ListItem","position":2,"name":"Mentions-legales"}]},{"@type":"WebSite","@id":"https:\/\/nmbatelierdart.com\/#website","url":"https:\/\/nmbatelierdart.com\/","name":"Nmb Atelier d&#039;Art","description":"","publisher":{"@id":"https:\/\/nmbatelierdart.com\/#\/schema\/person\/c47b9640551e3c1741803bd366f46dbe"},"potentialAction":[{"@type":"SearchAction","target":{"@type":"EntryPoint","urlTemplate":"https:\/\/nmbatelierdart.com\/?s={search_term_string}"},"query-input":{"@type":"PropertyValueSpecification","valueRequired":true,"valueName":"search_term_string"}}],"inLanguage":"fr-FR"},{"@type":["Person","Organization"],"@id":"https:\/\/nmbatelierdart.com\/#\/schema\/person\/c47b9640551e3c1741803bd366f46dbe","name":"ninon","logo":{"@id":"https:\/\/nmbatelierdart.com\/#\/schema\/person\/image\/"}}]}},"_links":{"self":[{"href":"https:\/\/nmbatelierdart.com\/index.php\/wp-json\/wp\/v2\/pages\/275","targetHints":{"allow":["GET"]}}],"collection":[{"href":"https:\/\/nmbatelierdart.com\/index.php\/wp-json\/wp\/v2\/pages"}],"about":[{"href":"https:\/\/nmbatelierdart.com\/index.php\/wp-json\/wp\/v2\/types\/page"}],"author":[{"embeddable":true,"href":"https:\/\/nmbatelierdart.com\/index.php\/wp-json\/wp\/v2\/users\/1"}],"replies":[{"embeddable":true,"href":"https:\/\/nmbatelierdart.com\/index.php\/wp-json\/wp\/v2\/comments?post=275"}],"version-history":[{"count":5,"href":"https:\/\/nmbatelierdart.com\/index.php\/wp-json\/wp\/v2\/pages\/275\/revisions"}],"predecessor-version":[{"id":332,"href":"https:\/\/nmbatelierdart.com\/index.php\/wp-json\/wp\/v2\/pages\/275\/revisions\/332"}],"wp:attachment":[{"href":"https:\/\/nmbatelierdart.com\/index.php\/wp-json\/wp\/v2\/media?parent=275"}],"curies":[{"name":"wp","href":"https:\/\/api.w.org\/{rel}","templated":true}]}}